{"id":6537,"date":"2025-05-01T09:59:39","date_gmt":"2025-05-01T09:59:39","guid":{"rendered":"https:\/\/wktchampionsleague.com\/?page_id=6537"},"modified":"2025-07-05T19:06:55","modified_gmt":"2025-07-05T19:06:55","slug":"point-stats","status":"publish","type":"page","link":"https:\/\/wktchampionsleague.com\/tr\/point-stats\/","title":{"rendered":"Puan Tablosu"},"content":{"rendered":"<div data-elementor-type=\"wp-page\" data-elementor-id=\"6537\" class=\"elementor elementor-6537\">\n\t\t\t\t<div class=\"elementor-element elementor-element-27d8f83 e-flex e-con-boxed e-con e-parent\" data-id=\"27d8f83\" data-element_type=\"container\">\n\t\t\t\t\t<div class=\"e-con-inner\">\n\t\t\t\t<div class=\"elementor-element elementor-element-e3ab5cc elementor-widget elementor-widget-spacer\" data-id=\"e3ab5cc\" data-element_type=\"widget\" data-widget_type=\"spacer.default\">\n\t\t\t\t<div class=\"elementor-widget-container\">\n\t\t\t\t\t\t\t<div class=\"elementor-spacer\">\n\t\t\t<div class=\"elementor-spacer-inner\"><\/div>\n\t\t<\/div>\n\t\t\t\t\t\t<\/div>\n\t\t\t\t<\/div>\n\t\t<div class=\"elementor-element elementor-element-5308f48 e-con-full e-flex e-con e-child\" data-id=\"5308f48\" data-element_type=\"container\">\n\t\t<div class=\"elementor-element elementor-element-22756fd e-con-full e-flex e-con e-child\" data-id=\"22756fd\" data-element_type=\"container\" data-settings=\"{&quot;background_background&quot;:&quot;classic&quot;}\">\n\t\t\t\t<div class=\"elementor-element elementor-element-5610d51 elementor-widget elementor-widget-html\" data-id=\"5610d51\" data-element_type=\"widget\" data-widget_type=\"html.default\">\n\t\t\t\t<div class=\"elementor-widget-container\">\n\t\t\t\t\t<style>\r\n  \r\n  \r\n  \/* Container\u2019lar aras\u0131 bo\u015fluk i\u00e7in *\/\r\n  .container + .container {\r\n    margin-top: -20px;\r\n    \r\n  }\r\n<\/style>\r\n\r\n<body>\r\n  <div class=\"container\">\r\n    <div class=\"text\">S<span style=\"opacity: 0.0;\">.<\/span><\/div>\r\n    <div class=\"logo\">\r\n        \r\n      <img decoding=\"async\" src=\"http:\/\/wktchampionsleague.com\/wp-content\/uploads\/2025\/05\/Logo.png\" alt=\"Logo\"style=\"width: 60px; height: auto;\">\r\n    <\/div>\r\n    <div class=\"text\"><span style=\"opacity: 0.0;  \">..<\/span>Tak\u0131m <span style=\"opacity: 0.0;  \">..........<\/span>:\r\n    \r\n     O - G - B - M - A - Y - Av - <b>P<\/b><\/div>\r\n  <\/div>\r\n\r\n  \r\n<\/body>\t\t\t\t<\/div>\n\t\t\t\t<\/div>\n\t\t\t\t<\/div>\n\t\t\t\t<\/div>\n\t\t\t\t<div class=\"elementor-element elementor-element-819f32f elementor-widget elementor-widget-spacer\" data-id=\"819f32f\" data-element_type=\"widget\" data-widget_type=\"spacer.default\">\n\t\t\t\t<div class=\"elementor-widget-container\">\n\t\t\t\t\t\t\t<div class=\"elementor-spacer\">\n\t\t\t<div class=\"elementor-spacer-inner\"><\/div>\n\t\t<\/div>\n\t\t\t\t\t\t<\/div>\n\t\t\t\t<\/div>\n\t\t<div class=\"elementor-element elementor-element-25120ed e-con-full e-flex e-con e-child\" data-id=\"25120ed\" data-element_type=\"container\" data-settings=\"{&quot;background_background&quot;:&quot;classic&quot;}\">\n\t\t\t\t<div class=\"elementor-element elementor-element-4f07208 elementor-widget elementor-widget-html\" data-id=\"4f07208\" data-element_type=\"widget\" data-widget_type=\"html.default\">\n\t\t\t\t<div class=\"elementor-widget-container\">\n\t\t\t\t\t<!DOCTYPE html>\r\n<html lang=\"tr\">\r\n<head>\r\n  <meta charset=\"UTF-8\">\r\n  <meta name=\"viewport\" content=\"width=device-width, initial-scale=1.0\">\r\n  <title>Yaz\u0131 + Logo + Yaz\u0131<\/title>\r\n  <style>\r\n    .container {\r\n      display: flex;\r\n      align-items: center;\r\n      justify-content: center;\r\n      background-color: transparent;\r\n      border-radius: 10px;\r\n      gap: 30px;\r\n      max-width: 1200px;\r\n      margin:40px auto;\r\n      margin-left:40px auto;\r\n      \r\n      font-family: Arial, sans-serif;\r\n    }\r\n\r\n    .text {\r\n      font-size: 1rem;\r\n      color: #333;\r\n    }\r\n\r\n    .logo img {\r\n      height: 100px;\r\n      width: auto;\r\n    }\r\n    \r\n   \r\n\r\n    @media (max-width: 767px) {\r\n    .text {\r\n      font-size: 10px;\r\n    }\r\n\r\n    .logo img {\r\n      height: 30px;\r\n    }\r\n  }\r\n  @media (min-width: 768px) and (max-width: 1024px) {\r\n    .text {\r\n      font-size: 25px;\r\n    }\r\n\r\n    .logo img {\r\n      height: 60px;\r\n    }\r\n  }\r\n\r\n  \/* Masa\u00fcst\u00fc (1025px ve \u00fczeri) *\/\r\n  @media (min-width: 1025px) {\r\n    .text {\r\n      font-size: 40px;\r\n    }\r\n\r\n    .logo img {\r\n      height: 80px;\r\n    }\r\n  }\r\n  <\/style>\r\n<\/head>\r\n<body>\r\n\r\n \r\n    <div class=\"container\">\r\n    <div class=\"text\">1.<span style=\"opacity: 0.0;\"><\/span><\/div>\r\n    <div class=\"logo\">\r\n        \r\n      <img decoding=\"async\" src=\"http:\/\/wktchampionsleague.com\/wp-content\/uploads\/2025\/04\/gradient-football-champion-cup-illustration.png\" alt=\"Logo\"style>\r\n    <\/div>\r\n    <div class=\"text\"><span style=\"opacity: 0.0;  \">..<\/span>aiEnes <span style=\"opacity: 0.0;  \">........<\/span>: 2 - 1 - 1 - 0 - 3 - 1 - 2 - <b>4<\/b><\/div>\r\n  <\/div>\r\n<\/body>\r\n<\/html>\r\n\t\t\t\t<\/div>\n\t\t\t\t<\/div>\n\t\t\t\t<\/div>\n\t\t<div class=\"elementor-element elementor-element-7a154d2 e-con-full e-flex e-con e-child\" data-id=\"7a154d2\" data-element_type=\"container\" data-settings=\"{&quot;background_background&quot;:&quot;classic&quot;}\">\n\t\t\t\t<div class=\"elementor-element elementor-element-75c07be elementor-widget elementor-widget-html\" data-id=\"75c07be\" data-element_type=\"widget\" data-widget_type=\"html.default\">\n\t\t\t\t<div class=\"elementor-widget-container\">\n\t\t\t\t\t<style>\r\n  \r\n  \r\n  \/* Container\u2019lar aras\u0131 bo\u015fluk i\u00e7in *\/\r\n  .container + .container {\r\n    margin-top: -20px;\r\n    \r\n  }\r\n<\/style>\r\n\r\n<body>\r\n     <div class=\"container\">\r\n    <div class=\"text\">2.<\/div>\r\n    <div class=\"logo\">\r\n      <img decoding=\"async\" src=\"http:\/\/wktchampionsleague.com\/wp-content\/uploads\/2025\/05\/Logo.png\" alt=\"Logo\"style=\"width: 60px; height: auto;\">\r\n    <\/div>\r\n    <div class=\"text\">DuosNacHD : 2 - 1 - 1 - 0 - 3 - 2 - 1 - <b>4<\/b><\/div>\r\n  <\/div>\r\n    \r\n    <div class=\"container\">\r\n    <div class=\"text\"><span style=\"opacity: 0.0;  \"><\/span>3.<\/div>\r\n    <div class=\"logo\">\r\n      <img decoding=\"async\" src=\"http:\/\/wktchampionsleague.com\/wp-content\/uploads\/2025\/06\/WhatsApp_Gorsel_2025-06-23_saat_22.24.19_64e9168b-removebg-preview.png\" alt=\"Logo\"style=\"width: 60px; height: auto;\">\r\n    <\/div>\r\n    <div class=\"text\"><span style=\"opacity: 0.0;  \">.<\/span>Nankatsu<span style=\"opacity: 0.0;  \">....<\/span> : 3 - 1 - 0 - 2 - 3 - 5 - -2 - <b>3<\/b><\/div>\r\n  <\/div>\r\n \r\n\r\n  \r\n<\/body>\t\t\t\t<\/div>\n\t\t\t\t<\/div>\n\t\t\t\t<\/div>\n\t\t<div class=\"elementor-element elementor-element-a9d3a25 e-con-full e-flex e-con e-child\" data-id=\"a9d3a25\" data-element_type=\"container\" data-settings=\"{&quot;background_background&quot;:&quot;classic&quot;}\">\n\t\t\t\t<div class=\"elementor-element elementor-element-e278a8a elementor-widget elementor-widget-html\" data-id=\"e278a8a\" data-element_type=\"widget\" data-widget_type=\"html.default\">\n\t\t\t\t<div class=\"elementor-widget-container\">\n\t\t\t\t\t<style>\r\n  \r\n  \r\n  \/* Container\u2019lar aras\u0131 bo\u015fluk i\u00e7in *\/\r\n  .container + .container {\r\n    margin-top: -30px;\r\n    \r\n  }\r\n<\/style>\r\n\r\n<body>\r\n     <div class=\"container\">\r\n    <div class=\"text\">4.<span style=\"opacity: 0.0;\"><\/span><\/div>\r\n    <div class=\"logo\">\r\n        \r\n      <img decoding=\"async\" src=\"http:\/\/wktchampionsleague.com\/wp-content\/uploads\/2025\/06\/taha-removebg-preview-1-e1751275780401.png\" alt=\"Logo\"style=\"width: 50px; height: auto;\">\r\n    <\/div>\r\n    <div class=\"text\"><span style=\"opacity: 0.0;  \">.<\/span>Demir G\u00fcc\u00fc : 3 - 0 - 2 - 1 - 1 - 2 - -1 - <b>2<\/b><\/div>\r\n  <\/div>\r\n <div class=\"container\">\r\n    <div class=\"text\">5.<span style=\"opacity: 0.0;  \"><\/span><\/div>\r\n    <div class=\"logo\">\r\n      <img decoding=\"async\" src=\"http:\/\/wktchampionsleague.com\/wp-content\/uploads\/2025\/06\/Emre.png\"\"http:>\r\n    <\/div>\r\n    <div class=\"text\"><span style=\"opacity: 0.0;  \">..<\/span>Emree_1<span style=\"opacity: 0.0;  \">.....<\/span> : 1 - 0 - 1 - 0 - 0 - 0 - 0 - <b>1<\/b><\/div>\r\n  <\/div>\r\n\r\n  <div class=\"container\">\r\n    <div class=\"text\">6.<span style=\"opacity: 0.0;  \"><\/span><\/div>\r\n    <div class=\"logo\">\r\n      <img decoding=\"async\" src=\"http:\/\/wktchampionsleague.com\/wp-content\/uploads\/2025\/06\/arda.jpg\" alt=\"Logo\"style=\"width: 50px; height: auto;\">\r\n    <\/div>\r\n    <div class=\"text\"><span style=\"opacity: 0.0;  \">..<\/span>Grimfang<span style=\"opacity: 0.0;  \">.....<\/span> : 1 - 0 - 1 - 0 - 0 - 0 - 0 - <b>1<\/b><\/div>\r\n  <\/div>\r\n  \r\n  \r\n<\/body>\t\t\t\t<\/div>\n\t\t\t\t<\/div>\n\t\t\t\t<\/div>\n\t\t\t\t\t<\/div>\n\t\t\t\t<\/div>\n\t\t\t\t<\/div>","protected":false},"excerpt":{"rendered":"<p>S. ..Tak\u0131m &#8230;&#8230;&#8230;.: O &#8211; G &#8211; B &#8211; M &#8211; A &#8211; Y &#8211; Av &#8211; P Yaz\u0131 + Logo + Yaz\u0131 1. ..aiEnes &#8230;&#8230;..: 2 &#8211; 1 &#8211; 1 &#8211; 0 &#8211; 3 &#8211; 1 &#8211; 2 &#8211; 4 2. DuosNacHD : 2 &#8211; 1 &#8211; 1 &#8211; 0 &#8211; 3 &#8211; 2 [&hellip;]<\/p>","protected":false},"author":1,"featured_media":0,"parent":0,"menu_order":0,"comment_status":"closed","ping_status":"closed","template":"","meta":{"site-sidebar-layout":"no-sidebar","site-content-layout":"page-builder","ast-site-content-layout":"full-width-container","site-content-style":"default","site-sidebar-style":"default","ast-global-header-display":"","ast-banner-title-visibility":"","ast-main-header-display":"","ast-hfb-above-header-display":"","ast-hfb-below-header-display":"","ast-hfb-mobile-header-display":"","site-post-title":"disabled","ast-breadcrumbs-content":"","ast-featured-img":"disabled","footer-sml-layout":"","theme-transparent-header-meta":"","adv-header-id-meta":"","stick-header-meta":"","header-above-stick-meta":"","header-main-stick-meta":"","header-below-stick-meta":"","astra-migrate-meta-layouts":"set","ast-page-background-enabled":"default","ast-page-background-meta":{"desktop":{"background-color":"var(--ast-global-color-4)","background-image":"","background-repeat":"repeat","background-position":"center center","background-size":"auto","background-attachment":"scroll","background-type":"","background-media":"","overlay-type":"","overlay-color":"","overlay-opacity":"","overlay-gradient":""},"tablet":{"background-color":"","background-image":"","background-repeat":"repeat","background-position":"center center","background-size":"auto","background-attachment":"scroll","background-type":"","background-media":"","overlay-type":"","overlay-color":"","overlay-opacity":"","overlay-gradient":""},"mobile":{"background-color":"","background-image":"","background-repeat":"repeat","background-position":"center center","background-size":"auto","background-attachment":"scroll","background-type":"","background-media":"","overlay-type":"","overlay-color":"","overlay-opacity":"","overlay-gradient":""}},"ast-content-background-meta":{"desktop":{"background-color":"var(--ast-global-color-5)","background-image":"","background-repeat":"repeat","background-position":"center center","background-size":"auto","background-attachment":"scroll","background-type":"","background-media":"","overlay-type":"","overlay-color":"","overlay-opacity":"","overlay-gradient":""},"tablet":{"background-color":"var(--ast-global-color-5)","background-image":"","background-repeat":"repeat","background-position":"center center","background-size":"auto","background-attachment":"scroll","background-type":"","background-media":"","overlay-type":"","overlay-color":"","overlay-opacity":"","overlay-gradient":""},"mobile":{"background-color":"var(--ast-global-color-5)","background-image":"","background-repeat":"repeat","background-position":"center center","background-size":"auto","background-attachment":"scroll","background-type":"","background-media":"","overlay-type":"","overlay-color":"","overlay-opacity":"","overlay-gradient":""}},"footnotes":""},"class_list":["post-6537","page","type-page","status-publish","hentry"],"_links":{"self":[{"href":"https:\/\/wktchampionsleague.com\/tr\/wp-json\/wp\/v2\/pages\/6537","targetHints":{"allow":["GET"]}}],"collection":[{"href":"https:\/\/wktchampionsleague.com\/tr\/wp-json\/wp\/v2\/pages"}],"about":[{"href":"https:\/\/wktchampionsleague.com\/tr\/wp-json\/wp\/v2\/types\/page"}],"author":[{"embeddable":true,"href":"https:\/\/wktchampionsleague.com\/tr\/wp-json\/wp\/v2\/users\/1"}],"replies":[{"embeddable":true,"href":"https:\/\/wktchampionsleague.com\/tr\/wp-json\/wp\/v2\/comments?post=6537"}],"version-history":[{"count":184,"href":"https:\/\/wktchampionsleague.com\/tr\/wp-json\/wp\/v2\/pages\/6537\/revisions"}],"predecessor-version":[{"id":7017,"href":"https:\/\/wktchampionsleague.com\/tr\/wp-json\/wp\/v2\/pages\/6537\/revisions\/7017"}],"wp:attachment":[{"href":"https:\/\/wktchampionsleague.com\/tr\/wp-json\/wp\/v2\/media?parent=6537"}],"curies":[{"name":"wp","href":"https:\/\/api.w.org\/{rel}","templated":true}]}}